{"id":732,"date":"2022-08-11T10:26:32","date_gmt":"2022-08-11T08:26:32","guid":{"rendered":"https:\/\/thewinegate.staging.mink-agency.com\/\/?page_id=732"},"modified":"2022-08-11T15:30:13","modified_gmt":"2022-08-11T13:30:13","slug":"contact","status":"publish","type":"page","link":"https:\/\/thewinegate.staging.mink-agency.com\/en\/contact\/","title":{"rendered":"Contact"},"content":{"rendered":"<section id=\"contact-form-block_62f503e2f5c21\" class=\"contact-form py-12 md:py-20 relative bg-body\">\n\n    <div class=\"container\">\n\n        <h1 class=\"text-center pb-6 text-rouge\">\n            Contact us        <\/h1>\n\n        <p class=\"text-center pb-6 md:pb-12\">\n            Contactez-nous par email, t\u00e9l\u00e9phone ou via notre formulaire de contact.<br \/>\r\nNos \u00e9quipes vous r\u00e9pondent du lundi au samedi de 9h \u00e0 18h.        <\/p>\n\n        <ul class=\"flex flex-col md:flex-row justify-center items-center gap-4 md:gap-16\">\n            <li>\n                <p class=\"flex gap-2 items-center text-rouge hover:text-rouge-fonce duration-150\">\n                    <svg width=\"28\" height=\"20\" viewbox=\"0 0 28 20\" fill=\"none\" xmlns=\"http:\/\/www.w3.org\/2000\/svg\">\n                        <path d=\"M1 1H27M1 1V19H27V1M1 1L14 11L27 1\" stroke=\"currentColor\" stroke-width=\"1.5\"\n                              stroke-linecap=\"round\"\/>\n                    <\/svg>\n                    <a href=\"mailto:contact@thewinegate.com\">\n                        contact@thewinegate.com                    <\/a>\n                <\/p>\n            <\/li>\n            <li>\n                <p class=\"flex gap-2 items-center text-rouge hover:text-rouge-fonce duration-150\">\n                    <svg width=\"26\" height=\"26\" viewbox=\"0 0 26 26\" fill=\"none\" xmlns=\"http:\/\/www.w3.org\/2000\/svg\">\n                        <path d=\"M21.3474 16.0194L21.3473 16.0195L21.357 16.0292L24.5689 19.2384L24.5689 19.2384L24.5725 19.242C25.0416 19.7044 25.25 20.2121 25.25 20.7056C25.25 21.198 25.0434 21.7169 24.577 22.1999L24.5755 22.2015C24.3352 22.4519 24.087 22.6935 23.8397 22.9283L23.8397 22.9283L23.8355 22.9322C23.8069 22.9599 23.778 22.9876 23.7491 23.0155C23.4164 23.3355 23.0648 23.6739 22.7548 24.0477L22.7516 24.0516C22.7488 24.0549 22.7457 24.0583 22.7427 24.062C22.7401 24.065 22.7374 24.0682 22.7347 24.0715C21.9972 24.8558 21.0724 25.25 19.9331 25.25C19.8382 25.25 19.7289 25.2453 19.6063 25.2395C17.7509 25.1197 16.0646 24.4223 14.7387 23.7969C11.3159 22.1493 8.31818 19.8112 5.82334 16.8458C3.7558 14.3711 2.38853 12.0851 1.47578 9.63389L1.47576 9.63384C1.09849 8.62086 0.645721 7.16657 0.771338 5.63797C0.849684 4.76117 1.1992 4.01789 1.82276 3.3971L1.82277 3.39711L1.82509 3.39477L3.81307 1.39819L3.81775 1.39353L3.81789 1.39339C4.28209 0.951868 4.79089 0.75 5.28361 0.75C5.77617 0.75 6.2717 0.951565 6.71712 1.39043L6.72642 1.39959L6.73603 1.40842C7.09855 1.74157 7.45361 2.10023 7.80153 2.45809C7.98414 2.65181 8.17692 2.84374 8.35426 3.02029L8.35834 3.02434L9.9555 4.6144C10.453 5.10965 10.6561 5.62793 10.6561 6.09812C10.6561 6.5683 10.453 7.08659 9.9555 7.58184C9.87129 7.66568 9.78748 7.75061 9.70636 7.8328L9.7051 7.83408C9.62279 7.91748 9.54322 7.99811 9.46407 8.07691L9.46051 8.08047C9.41879 8.12257 9.37715 8.16463 9.33556 8.20665C8.94023 8.606 8.54918 9.00102 8.13096 9.38183L7.72738 9.74932L7.95296 10.2464C8.3421 11.1037 8.87077 11.9309 9.62836 12.8842L9.6283 12.8842L9.63487 12.8923C11.1873 14.7911 12.8198 16.2754 14.6296 17.4198L14.6296 17.4198L14.6362 17.4239C14.8354 17.547 15.0606 17.659 15.2592 17.7579L15.2702 17.7634C15.3257 17.7921 15.3778 17.8187 15.4283 17.8445C15.5225 17.8926 15.6112 17.9378 15.7058 17.9885L16.1947 18.2506L16.5884 17.8599L18.4372 16.0252L18.438 16.0243C18.9118 15.5526 19.4193 15.3459 19.9097 15.3459C20.4029 15.3459 20.9 15.5557 21.3474 16.0194ZM22.7913 24.0095C22.792 24.0088 22.7921 24.0087 22.7914 24.0095L22.7913 24.0095Z\"\n                              stroke=\"currentColor\" stroke-width=\"1.5\" stroke-linecap=\"round\"\/>\n                    <\/svg>\n                    <a href=\"tel:01 88 00 00 00\">\n                        01 88 00 00 00                    <\/a>\n                <\/p>\n            <\/li>\n        <\/ul>\n\n                    <div class=\"max-w-xl mx-auto\">\n                <noscript class=\"ninja-forms-noscript-message\">\n\tNotice: JavaScript is required for this content.<\/noscript>\n<div id=\"nf-form-3-cont\" class=\"nf-form-cont\" aria-live=\"polite\" aria-labelledby=\"nf-form-title-3\" aria-describedby=\"nf-form-errors-3\" role=\"form\">\n\n    <div class=\"nf-loading-spinner\"><\/div>\n\n<\/div>\n        <!-- TODO: Move to Template File. -->\n        <script>var formDisplay=1;var nfForms=nfForms||[];var form=[];form.id='3';form.settings={\"objectType\":\"Form Setting\",\"editActive\":true,\"title\":\"Formulaire de contact\",\"show_title\":0,\"allow_public_link\":0,\"embed_form\":\"\",\"clear_complete\":1,\"hide_complete\":1,\"default_label_pos\":\"above\",\"wrapper_class\":\"\",\"element_class\":\"\",\"key\":\"\",\"add_submit\":1,\"changeEmailErrorMsg\":\"Please enter a valid email address!\",\"changeDateErrorMsg\":\"Please enter a valid date!\",\"confirmFieldErrorMsg\":\"These fields must match!\",\"fieldNumberNumMinError\":\"Number Min Error\",\"fieldNumberNumMaxError\":\"Number Max Error\",\"fieldNumberIncrementBy\":\"Please increment by \",\"formErrorsCorrectErrors\":\"Please correct errors before submitting this form.\",\"validateRequiredField\":\"This is a required field.\",\"honeypotHoneypotError\":\"Honeypot Error\",\"fieldsMarkedRequired\":\"Fields marked with an <span class=\\\"ninja-forms-req-symbol\\\">*<\\\/span> are required\",\"currency\":\"\",\"unique_field_error\":\"A form with this value has already been submitted.\",\"logged_in\":false,\"not_logged_in_msg\":\"\",\"sub_limit_msg\":\"The form has reached its submission limit.\",\"calculations\":[],\"formContentData\":[\"votre_nom_1660224547575\",\"votre_email_1660224553984\",\"votre_telephone_1660224560188\",\"votre_message_1660224569952\",\"envoyer_votre_message_1660224589703\"],\"drawerDisabled\":false,\"form_title_heading_level\":\"3\",\"conditions\":[],\"ninjaForms\":\"Ninja Forms\",\"fieldTextareaRTEInsertLink\":\"Insert Link\",\"fieldTextareaRTEInsertMedia\":\"Insert Media\",\"fieldTextareaRTESelectAFile\":\"Select a file\",\"formHoneypot\":\"If you are a human seeing this field, please leave it empty.\",\"fileUploadOldCodeFileUploadInProgress\":\"File Upload in Progress.\",\"fileUploadOldCodeFileUpload\":\"FILE UPLOAD\",\"currencySymbol\":\"&euro;\",\"thousands_sep\":\",\",\"decimal_point\":\".\",\"siteLocale\":\"en_US\",\"dateFormat\":\"d\\\/m\\\/Y\",\"startOfWeek\":\"1\",\"of\":\"of\",\"previousMonth\":\"Previous Month\",\"nextMonth\":\"Next Month\",\"months\":[\"January\",\"February\",\"March\",\"April\",\"May\",\"June\",\"July\",\"August\",\"September\",\"October\",\"November\",\"December\"],\"monthsShort\":[\"Jan\",\"Feb\",\"Mar\",\"Apr\",\"May\",\"Jun\",\"Jul\",\"Aug\",\"Sep\",\"Oct\",\"Nov\",\"Dec\"],\"weekdays\":[\"Sunday\",\"Monday\",\"Tuesday\",\"Wednesday\",\"Thursday\",\"Friday\",\"Saturday\"],\"weekdaysShort\":[\"Sun\",\"Mon\",\"Tue\",\"Wed\",\"Thu\",\"Fri\",\"Sat\"],\"weekdaysMin\":[\"Su\",\"Mo\",\"Tu\",\"We\",\"Th\",\"Fr\",\"Sa\"],\"recaptchaConsentMissing\":\"reCapctha validation couldn&#039;t load.\",\"recaptchaMissingCookie\":\"reCaptcha v3 validation couldn&#039;t load the cookie needed to submit the form.\",\"recaptchaConsentEvent\":\"Accept reCaptcha cookies before sending the form.\",\"currency_symbol\":\"\",\"beforeForm\":\"\",\"beforeFields\":\"\",\"afterFields\":\"\",\"afterForm\":\"\"};form.fields=[{\"objectType\":\"Field\",\"objectDomain\":\"fields\",\"editActive\":false,\"order\":1,\"idAttribute\":\"id\",\"type\":\"lastname\",\"label\":\"Votre nom\",\"key\":\"votre_nom_1660224547575\",\"label_pos\":\"above\",\"required\":1,\"default\":\"\",\"placeholder\":\"\",\"container_class\":\"\",\"element_class\":\"\",\"admin_label\":\"\",\"help_text\":\"\",\"custom_name_attribute\":\"lname\",\"personally_identifiable\":1,\"value\":\"\",\"drawerDisabled\":false,\"id\":14,\"beforeField\":\"\",\"afterField\":\"\",\"parentType\":\"lastname\",\"element_templates\":[\"lastname\",\"input\"],\"old_classname\":\"\",\"wrap_template\":\"wrap\"},{\"objectType\":\"Field\",\"objectDomain\":\"fields\",\"editActive\":false,\"order\":2,\"idAttribute\":\"id\",\"type\":\"email\",\"label\":\"Votre email\",\"key\":\"votre_email_1660224553984\",\"label_pos\":\"above\",\"required\":1,\"default\":\"\",\"placeholder\":\"\",\"container_class\":\"\",\"element_class\":\"\",\"admin_label\":\"\",\"help_text\":\"\",\"custom_name_attribute\":\"email\",\"personally_identifiable\":1,\"value\":\"\",\"drawerDisabled\":false,\"id\":15,\"beforeField\":\"\",\"afterField\":\"\",\"parentType\":\"email\",\"element_templates\":[\"email\",\"input\"],\"old_classname\":\"\",\"wrap_template\":\"wrap\"},{\"objectType\":\"Field\",\"objectDomain\":\"fields\",\"editActive\":false,\"order\":3,\"idAttribute\":\"id\",\"type\":\"phone\",\"label\":\"Votre t\\u00e9l\\u00e9phone\",\"key\":\"votre_telephone_1660224560188\",\"label_pos\":\"above\",\"required\":1,\"default\":\"\",\"placeholder\":\"\",\"container_class\":\"\",\"element_class\":\"\",\"input_limit\":\"\",\"input_limit_type\":\"characters\",\"input_limit_msg\":\"Caract\\u00e8res restants\",\"manual_key\":false,\"admin_label\":\"\",\"help_text\":\"\",\"mask\":\"\",\"custom_mask\":\"\",\"custom_name_attribute\":\"phone\",\"personally_identifiable\":1,\"value\":\"\",\"drawerDisabled\":false,\"id\":16,\"beforeField\":\"\",\"afterField\":\"\",\"parentType\":\"textbox\",\"element_templates\":[\"tel\",\"textbox\",\"input\"],\"old_classname\":\"\",\"wrap_template\":\"wrap\"},{\"objectType\":\"Field\",\"objectDomain\":\"fields\",\"editActive\":false,\"order\":4,\"idAttribute\":\"id\",\"type\":\"textarea\",\"label\":\"Votre message\",\"key\":\"votre_message_1660224569952\",\"label_pos\":\"above\",\"required\":1,\"default\":\"\",\"placeholder\":\"\",\"container_class\":\"\",\"element_class\":\"\",\"input_limit\":\"\",\"input_limit_type\":\"characters\",\"input_limit_msg\":\"Caract\\u00e8res restants\",\"manual_key\":false,\"admin_label\":\"\",\"help_text\":\"\",\"textarea_rte\":\"\",\"disable_rte_mobile\":\"\",\"textarea_media\":\"\",\"value\":\"\",\"drawerDisabled\":false,\"id\":17,\"beforeField\":\"\",\"afterField\":\"\",\"parentType\":\"textarea\",\"element_templates\":[\"textarea\",\"input\"],\"old_classname\":\"\",\"wrap_template\":\"wrap\"},{\"objectType\":\"Field\",\"objectDomain\":\"fields\",\"editActive\":false,\"order\":9999,\"idAttribute\":\"id\",\"type\":\"submit\",\"label\":\"Envoyer votre message\",\"processing_label\":\"En cours de traitement\",\"container_class\":\"\",\"element_class\":\"\",\"key\":\"envoyer_votre_message_1660224589703\",\"drawerDisabled\":false,\"id\":18,\"beforeField\":\"\",\"afterField\":\"\",\"value\":\"\",\"label_pos\":\"above\",\"parentType\":\"textbox\",\"element_templates\":[\"submit\",\"button\",\"input\"],\"old_classname\":\"\",\"wrap_template\":\"wrap-no-label\"}];nfForms.push(form);<\/script>\n                    <\/div>\n            <\/div>\n<\/section>","protected":false},"excerpt":{"rendered":"","protected":false},"author":3,"featured_media":0,"parent":0,"menu_order":0,"comment_status":"closed","ping_status":"closed","template":"","meta":[],"acf":[],"_links":{"self":[{"href":"https:\/\/thewinegate.staging.mink-agency.com\/en\/wp-json\/wp\/v2\/pages\/732"}],"collection":[{"href":"https:\/\/thewinegate.staging.mink-agency.com\/en\/wp-json\/wp\/v2\/pages"}],"about":[{"href":"https:\/\/thewinegate.staging.mink-agency.com\/en\/wp-json\/wp\/v2\/types\/page"}],"author":[{"embeddable":true,"href":"https:\/\/thewinegate.staging.mink-agency.com\/en\/wp-json\/wp\/v2\/users\/3"}],"replies":[{"embeddable":true,"href":"https:\/\/thewinegate.staging.mink-agency.com\/en\/wp-json\/wp\/v2\/comments?post=732"}],"version-history":[{"count":6,"href":"https:\/\/thewinegate.staging.mink-agency.com\/en\/wp-json\/wp\/v2\/pages\/732\/revisions"}],"predecessor-version":[{"id":1049,"href":"https:\/\/thewinegate.staging.mink-agency.com\/en\/wp-json\/wp\/v2\/pages\/732\/revisions\/1049"}],"wp:attachment":[{"href":"https:\/\/thewinegate.staging.mink-agency.com\/en\/wp-json\/wp\/v2\/media?parent=732"}],"curies":[{"name":"wp","href":"https:\/\/api.w.org\/{rel}","templated":true}]}}